{"id":82,"date":"2020-06-03T20:55:10","date_gmt":"2020-06-03T17:55:10","guid":{"rendered":"http:\/\/demo.safirtema.com\/rota\/?page_id=82"},"modified":"2025-08-31T13:15:48","modified_gmt":"2025-08-31T10:15:48","slug":"hakkimizda","status":"publish","type":"page","link":"https:\/\/dekormod.com.tr\/index.php\/hakkimizda\/","title":{"rendered":"Hakk\u0131m\u0131zda"},"content":{"rendered":"<div class=\"wp-block-image\">\n<figure class=\"aligncenter size-full\"><img loading=\"lazy\" decoding=\"async\" width=\"400\" height=\"100\" src=\"https:\/\/dekormod.com.tr\/wp-content\/uploads\/2025\/08\/logo-dekor-1.png\" alt=\"\" class=\"wp-image-282\" srcset=\"https:\/\/dekormod.com.tr\/wp-content\/uploads\/2025\/08\/logo-dekor-1.png 400w, https:\/\/dekormod.com.tr\/wp-content\/uploads\/2025\/08\/logo-dekor-1-300x75.png 300w\" sizes=\"auto, (max-width: 400px) 100vw, 400px\" \/><\/figure><\/div>\n\n\n<div class=\"wp-block-safirtema-mainheading mainHeading\"><div class=\"inner\"><div class=\"icon safiricon\"><svg class=\"safiricon-icon37\"><use href=\"#safiricon-icon37\"><\/use><\/svg><\/div><div class=\"text\">DEKORMOD YAPI &#8211; PREFABR\u0130K<\/div><\/div><\/div>\n\n\n\n<p>Merkezi Ankara&#8217;da bulunan DEKORMOD prefabrik yap\u0131lar, hafif \u00e7elik yap\u0131lar, konteyner alan\u0131nda uzmanla\u015fm\u0131\u015f, 20 y\u0131l\u0131 a\u015fk\u0131n sekt\u00f6r deneyimine sahip g\u00fc\u00e7l\u00fc bir ekip ile olu\u015fmu\u015ftur. <\/p>\n\n\n\n<p>DEKORMOD, kalite ve m\u00fc\u015fteri memnuniyetini temel ilke edinmi\u015ftir. Profesyonel ekibi ve geni\u015f \u00fcr\u00fcn yelpazesiyle, farkl\u0131 sekt\u00f6rlerdeki ihtiya\u00e7lara uygun y\u00fcksek kaliteli mod\u00fcler \u00e7\u00f6z\u00fcmler sunmaktad\u0131r. <\/p>\n\n\n\n<p>Son teknoloji tesislerde \u00fcretilen mod\u00fcler yap\u0131lar, i\u015fletmelerden bireysel kullan\u0131c\u0131lara kadar geni\u015f bir m\u00fc\u015fteri kitlesine ula\u015ft\u0131r\u0131larak, g\u00fcvenilir ve s\u00fcrd\u00fcr\u00fclebilir \u00e7\u00f6z\u00fcmler sa\u011flamaktad\u0131r. <\/p>\n\n\n\n<p>DEKORMOD\u2019un ba\u015far\u0131s\u0131n\u0131n temelinde, m\u00fc\u015fteri odakl\u0131 yakla\u015f\u0131m\u0131, yenilik\u00e7i vizyonu ve esnek \u00fcretim kabiliyeti yer almaktad\u0131r. M\u00fc\u015fterilerimizden gelen olumlu geri bildirimler, markam\u0131z\u0131n g\u00fcvenilirli\u011fini ve kalitesini peki\u015ftirirken, DEKORMOD olarak, mod\u00fcler yap\u0131 sekt\u00f6r\u00fcndeki \u00f6nc\u00fc konumumuzu g\u00fc\u00e7lendirerek gelece\u011fe emin ad\u0131mlarla ilerliyoruz.<\/p>\n\n\n\n<div class=\"wp-block-safirtema-bgtext descriptionbox buildings\"><div class=\"inner\"><div class=\"icon safiricon\"><svg class=\"safiricon-icon54\"><use href=\"#safiricon-icon54\"><\/use><\/svg><\/div><div class=\"header\">Kalite,  G\u00fcven,  Mutlu M\u00fc\u015fteriler <\/div><div class=\"content\">DEKORMOD ile hepsi m\u00fcmk\u00fcn<\/div><\/div><\/div>\n\n\n\n<div class=\"wp-block-safirtema-mainheading mainHeading\"><div class=\"inner\"><div class=\"icon safiricon\"><svg class=\"safiricon-icon44\"><use href=\"#safiricon-icon44\"><\/use><\/svg><\/div><div class=\"text\">Misyonumuz<\/div><\/div><\/div>\n\n\n\n<p>M\u00fc\u015fterilerimizin memnun olaca\u011f\u0131 prefabrik yap\u0131 \u00e7\u00f6z\u00fcmleri sunmak.<\/p>\n\n\n\n<div class=\"wp-block-safirtema-mainheading mainHeading\"><div class=\"inner\"><div class=\"icon safiricon\"><svg class=\"safiricon-icon44\"><use href=\"#safiricon-icon44\"><\/use><\/svg><\/div><div class=\"text\">Vizyonumuz<\/div><\/div><\/div>\n\n\n\n<p>Kaliteli, sa\u011flam, estetik, uygun fiyatl\u0131 \u00fcr\u00fcn ve hizmetler sa\u011flayarak firmam\u0131z\u0131n geli\u015fmesini sa\u011flamak.<\/p>\n\n\n\n<div class=\"wp-block-safirtema-mainheading mainHeading\"><div class=\"inner\"><div class=\"icon safiricon\"><svg class=\"safiricon-icon44\"><use href=\"#safiricon-icon44\"><\/use><\/svg><\/div><div class=\"text\">Kalite Politikam\u0131z<\/div><\/div><\/div>\n\n\n\n<ul class=\"wp-block-list\">\n<li>M\u00fc\u015fterilerimizin ihtiya\u00e7 ve beklentilerini, istenilen \u015fekilde ve zaman\u0131nda yerine getirmek,<\/li>\n\n\n\n<li>M\u00fc\u015fterilerimizin ve \u00e7al\u0131\u015fanlar\u0131m\u0131z\u0131n memnuniyetini her zaman \u00f6nde tutmak,<\/li>\n\n\n\n<li>Her zaman g\u00fcvenilir olmak i\u00e7in kalite ve \u015feffafl\u0131ktan \u00f6d\u00fcn vermemek,<\/li>\n\n\n\n<li>\u00dcr\u00fcn ve hizmetlerimizde kaliteli, sa\u011flam, estetik ve uygun fiyat\u0131 hep korumak<\/li>\n\n\n\n<li>Sat\u0131\u015f sonras\u0131 destek<\/li>\n<\/ul>\n\n\n\n<p><\/p>\n\n\n\n<a class=\"wp-block-safirtema-safirbutton safirButton safiricon icon18\" href=\"https:\/\/dekormod.com.tr\/index.php\/iletisim\/\" rel=\"\"><div class=\"icon safiricon\"><svg class=\"safiricon-icon18\"><use href=\"#safiricon-icon18\"><\/use><\/svg><\/div>Detayl\u0131 Bilgi i\u00e7in ileti\u015fime ge\u00e7in<\/a>\n\n\n\n<p><\/p>\n","protected":false},"excerpt":{"rendered":"<p>Merkezi Ankara&#8217;da bulunan DEKORMOD prefabrik yap\u0131lar, hafif \u00e7elik yap\u0131lar, konteyner alan\u0131nda uzmanla\u015fm\u0131\u015f, 20 y\u0131l\u0131 a\u015fk\u0131n sekt\u00f6r deneyimine sahip g\u00fc\u00e7l\u00fc bir ekip ile olu\u015fmu\u015ftur. DEKORMOD, kalite ve m\u00fc\u015fteri memnuniyetini temel ilke edinmi\u015ftir. Profesyonel ekibi ve geni\u015f \u00fcr\u00fcn yelpazesiyle, farkl\u0131 sekt\u00f6rlerdeki ihtiya\u00e7lara uygun y\u00fcksek kaliteli mod\u00fcler \u00e7\u00f6z\u00fcmler sunmaktad\u0131r. Son teknoloji tesislerde \u00fcretilen mod\u00fcler yap\u0131lar, i\u015fletmelerden bireysel kullan\u0131c\u0131lara [&hellip;]<\/p>\n","protected":false},"author":1,"featured_media":0,"parent":0,"menu_order":0,"comment_status":"closed","ping_status":"closed","template":"","meta":{"footnotes":""},"class_list":["post-82","page","type-page","status-publish","hentry"],"aioseo_notices":[],"_links":{"self":[{"href":"https:\/\/dekormod.com.tr\/index.php\/wp-json\/wp\/v2\/pages\/82","targetHints":{"allow":["GET"]}}],"collection":[{"href":"https:\/\/dekormod.com.tr\/index.php\/wp-json\/wp\/v2\/pages"}],"about":[{"href":"https:\/\/dekormod.com.tr\/index.php\/wp-json\/wp\/v2\/types\/page"}],"author":[{"embeddable":true,"href":"https:\/\/dekormod.com.tr\/index.php\/wp-json\/wp\/v2\/users\/1"}],"replies":[{"embeddable":true,"href":"https:\/\/dekormod.com.tr\/index.php\/wp-json\/wp\/v2\/comments?post=82"}],"version-history":[{"count":4,"href":"https:\/\/dekormod.com.tr\/index.php\/wp-json\/wp\/v2\/pages\/82\/revisions"}],"predecessor-version":[{"id":286,"href":"https:\/\/dekormod.com.tr\/index.php\/wp-json\/wp\/v2\/pages\/82\/revisions\/286"}],"wp:attachment":[{"href":"https:\/\/dekormod.com.tr\/index.php\/wp-json\/wp\/v2\/media?parent=82"}],"curies":[{"name":"wp","href":"https:\/\/api.w.org\/{rel}","templated":true}]}}