{"id":37,"date":"2020-06-03T14:13:53","date_gmt":"2020-06-03T11:13:53","guid":{"rendered":"http:\/\/demo.safirtema.com\/rota\/?page_id=37"},"modified":"2025-08-31T13:56:21","modified_gmt":"2025-08-31T10:56:21","slug":"cozum-ortaklari","status":"publish","type":"page","link":"https:\/\/dekormod.com.tr\/index.php\/cozum-ortaklari\/","title":{"rendered":"\u00c7\u00f6z\u00fcm Ortaklar\u0131"},"content":{"rendered":"\n<figure class=\"wp-block-gallery has-nested-images columns-default is-cropped wp-block-gallery-1 is-layout-flex wp-block-gallery-is-layout-flex\">\n<figure class=\"wp-block-image size-full\"><img loading=\"lazy\" decoding=\"async\" width=\"640\" height=\"360\" data-id=\"302\" src=\"https:\/\/dekormod.com.tr\/wp-content\/uploads\/2025\/08\/HekimBoard.jpg\" alt=\"\" class=\"wp-image-302\" srcset=\"https:\/\/dekormod.com.tr\/wp-content\/uploads\/2025\/08\/HekimBoard.jpg 640w, https:\/\/dekormod.com.tr\/wp-content\/uploads\/2025\/08\/HekimBoard-300x169.jpg 300w\" sizes=\"auto, (max-width: 640px) 100vw, 640px\" \/><\/figure>\n\n\n\n<figure class=\"wp-block-image size-full\"><img loading=\"lazy\" decoding=\"async\" width=\"225\" height=\"225\" data-id=\"303\" src=\"https:\/\/dekormod.com.tr\/wp-content\/uploads\/2025\/08\/images.png\" alt=\"\" class=\"wp-image-303\" srcset=\"https:\/\/dekormod.com.tr\/wp-content\/uploads\/2025\/08\/images.png 225w, https:\/\/dekormod.com.tr\/wp-content\/uploads\/2025\/08\/images-150x150.png 150w\" sizes=\"auto, (max-width: 225px) 100vw, 225px\" \/><\/figure>\n\n\n\n<figure class=\"wp-block-image size-full\"><img loading=\"lazy\" decoding=\"async\" width=\"866\" height=\"650\" data-id=\"304\" src=\"https:\/\/dekormod.com.tr\/wp-content\/uploads\/2025\/08\/Jotun.jpg\" alt=\"\" class=\"wp-image-304\" srcset=\"https:\/\/dekormod.com.tr\/wp-content\/uploads\/2025\/08\/Jotun.jpg 866w, https:\/\/dekormod.com.tr\/wp-content\/uploads\/2025\/08\/Jotun-300x225.jpg 300w, https:\/\/dekormod.com.tr\/wp-content\/uploads\/2025\/08\/Jotun-768x576.jpg 768w\" sizes=\"auto, (max-width: 866px) 100vw, 866px\" \/><\/figure>\n\n\n\n<figure class=\"wp-block-image size-full\"><img loading=\"lazy\" decoding=\"async\" width=\"866\" height=\"650\" data-id=\"305\" src=\"https:\/\/dekormod.com.tr\/wp-content\/uploads\/2025\/08\/Izocam.jpg\" alt=\"\" class=\"wp-image-305\" srcset=\"https:\/\/dekormod.com.tr\/wp-content\/uploads\/2025\/08\/Izocam.jpg 866w, https:\/\/dekormod.com.tr\/wp-content\/uploads\/2025\/08\/Izocam-300x225.jpg 300w, https:\/\/dekormod.com.tr\/wp-content\/uploads\/2025\/08\/Izocam-768x576.jpg 768w\" sizes=\"auto, (max-width: 866px) 100vw, 866px\" \/><\/figure>\n\n\n\n<figure class=\"wp-block-image size-full\"><img loading=\"lazy\" decoding=\"async\" width=\"500\" height=\"344\" data-id=\"306\" src=\"https:\/\/dekormod.com.tr\/wp-content\/uploads\/2025\/08\/Egepen.jpg\" alt=\"\" class=\"wp-image-306\" srcset=\"https:\/\/dekormod.com.tr\/wp-content\/uploads\/2025\/08\/Egepen.jpg 500w, https:\/\/dekormod.com.tr\/wp-content\/uploads\/2025\/08\/Egepen-300x206.jpg 300w\" sizes=\"auto, (max-width: 500px) 100vw, 500px\" \/><\/figure>\n\n\n\n<figure class=\"wp-block-image size-full\"><img loading=\"lazy\" decoding=\"async\" width=\"866\" height=\"650\" data-id=\"307\" src=\"https:\/\/dekormod.com.tr\/wp-content\/uploads\/2025\/08\/Knauf.jpg\" alt=\"\" class=\"wp-image-307\" srcset=\"https:\/\/dekormod.com.tr\/wp-content\/uploads\/2025\/08\/Knauf.jpg 866w, https:\/\/dekormod.com.tr\/wp-content\/uploads\/2025\/08\/Knauf-300x225.jpg 300w, https:\/\/dekormod.com.tr\/wp-content\/uploads\/2025\/08\/Knauf-768x576.jpg 768w\" sizes=\"auto, (max-width: 866px) 100vw, 866px\" \/><\/figure>\n\n\n\n<figure class=\"wp-block-image size-large\"><img loading=\"lazy\" decoding=\"async\" width=\"1024\" height=\"645\" data-id=\"308\" src=\"https:\/\/dekormod.com.tr\/wp-content\/uploads\/2025\/08\/Polisan-1024x645.jpeg\" alt=\"\" class=\"wp-image-308\" srcset=\"https:\/\/dekormod.com.tr\/wp-content\/uploads\/2025\/08\/Polisan-1024x645.jpeg 1024w, https:\/\/dekormod.com.tr\/wp-content\/uploads\/2025\/08\/Polisan-300x189.jpeg 300w, https:\/\/dekormod.com.tr\/wp-content\/uploads\/2025\/08\/Polisan-768x484.jpeg 768w, https:\/\/dekormod.com.tr\/wp-content\/uploads\/2025\/08\/Polisan-1536x967.jpeg 1536w, https:\/\/dekormod.com.tr\/wp-content\/uploads\/2025\/08\/Polisan-2048x1290.jpeg 2048w\" sizes=\"auto, (max-width: 1024px) 100vw, 1024px\" \/><\/figure>\n\n\n\n<figure class=\"wp-block-image size-full\"><img loading=\"lazy\" decoding=\"async\" width=\"900\" height=\"900\" data-id=\"309\" src=\"https:\/\/dekormod.com.tr\/wp-content\/uploads\/2025\/08\/unnamed.jpg\" alt=\"\" class=\"wp-image-309\" srcset=\"https:\/\/dekormod.com.tr\/wp-content\/uploads\/2025\/08\/unnamed.jpg 900w, https:\/\/dekormod.com.tr\/wp-content\/uploads\/2025\/08\/unnamed-300x300.jpg 300w, https:\/\/dekormod.com.tr\/wp-content\/uploads\/2025\/08\/unnamed-150x150.jpg 150w, https:\/\/dekormod.com.tr\/wp-content\/uploads\/2025\/08\/unnamed-768x768.jpg 768w\" sizes=\"auto, (max-width: 900px) 100vw, 900px\" \/><\/figure>\n\n\n\n<figure class=\"wp-block-image size-full\"><img loading=\"lazy\" decoding=\"async\" width=\"660\" height=\"330\" data-id=\"310\" src=\"https:\/\/dekormod.com.tr\/wp-content\/uploads\/2025\/08\/Kale-Kilit.jpg\" alt=\"\" class=\"wp-image-310\" srcset=\"https:\/\/dekormod.com.tr\/wp-content\/uploads\/2025\/08\/Kale-Kilit.jpg 660w, https:\/\/dekormod.com.tr\/wp-content\/uploads\/2025\/08\/Kale-Kilit-300x150.jpg 300w\" sizes=\"auto, (max-width: 660px) 100vw, 660px\" \/><\/figure>\n<\/figure>\n\n\n\n<p><\/p>\n","protected":false},"excerpt":{"rendered":"","protected":false},"author":1,"featured_media":0,"parent":0,"menu_order":0,"comment_status":"closed","ping_status":"closed","template":"pages\/page-references.php","meta":{"footnotes":""},"class_list":["post-37","page","type-page","status-publish","hentry"],"aioseo_notices":[],"_links":{"self":[{"href":"https:\/\/dekormod.com.tr\/index.php\/wp-json\/wp\/v2\/pages\/37","targetHints":{"allow":["GET"]}}],"collection":[{"href":"https:\/\/dekormod.com.tr\/index.php\/wp-json\/wp\/v2\/pages"}],"about":[{"href":"https:\/\/dekormod.com.tr\/index.php\/wp-json\/wp\/v2\/types\/page"}],"author":[{"embeddable":true,"href":"https:\/\/dekormod.com.tr\/index.php\/wp-json\/wp\/v2\/users\/1"}],"replies":[{"embeddable":true,"href":"https:\/\/dekormod.com.tr\/index.php\/wp-json\/wp\/v2\/comments?post=37"}],"version-history":[{"count":4,"href":"https:\/\/dekormod.com.tr\/index.php\/wp-json\/wp\/v2\/pages\/37\/revisions"}],"predecessor-version":[{"id":311,"href":"https:\/\/dekormod.com.tr\/index.php\/wp-json\/wp\/v2\/pages\/37\/revisions\/311"}],"wp:attachment":[{"href":"https:\/\/dekormod.com.tr\/index.php\/wp-json\/wp\/v2\/media?parent=37"}],"curies":[{"name":"wp","href":"https:\/\/api.w.org\/{rel}","templated":true}]}}